{"id":14481,"date":"2025-11-13T17:00:25","date_gmt":"2025-11-13T17:00:25","guid":{"rendered":"https:\/\/gimac-afr.com\/register\/"},"modified":"2026-02-06T23:08:06","modified_gmt":"2026-02-06T23:08:06","slug":"register","status":"publish","type":"page","link":"https:\/\/gimac-afr.com\/en\/register\/","title":{"rendered":"Register"},"content":{"rendered":"\t\t<div data-elementor-type=\"wp-page\" data-elementor-id=\"14481\" class=\"elementor elementor-14481 elementor-13240\">\n\t\t\t\t<div data-particle_enable=\"false\" data-particle-mobile-disabled=\"false\" class=\"elementor-element elementor-element-2d5c8edb e-flex e-con-boxed e-con e-parent\" data-id=\"2d5c8edb\" data-element_type=\"container\">\n\t\t\t\t\t<div class=\"e-con-inner\">\n\t\t\r\n\t\t<div class=\"elementor-element elementor-element-cbaafa9 elementor-widget elementor-widget-ct_title\" data-id=\"cbaafa9\" data-element_type=\"widget\" data-widget_type=\"ct_title.default\">\n\t\t\t\t<div class=\"elementor-widget-container\">\n\t\t\t\t\t<div class=\"ct-title1 style2\">\r\n    <h3>\r\n    \t\t        <span>Cr\u00e9er votre compte<\/span>\r\n\t        <i><\/i>\r\n\t        <\/h3>\r\n<\/div>\t\t\t\t<\/div>\n\t\t\t\t<\/div>\n\t\t\t\t<div class=\"elementor-element elementor-element-20e0a9ac elementor-widget elementor-widget-shortcode\" data-id=\"20e0a9ac\" data-element_type=\"widget\" data-widget_type=\"shortcode.default\">\n\t\t\t\t\t\t\t<div class=\"elementor-shortcode\">\n<div class=\"um um-register um-13228\">\n\t<div class=\"um-form\" data-mode=\"register\">\n\t\t<form method=\"post\" action=\"\">\n\t\t\t<div class=\"um-row _um_row_1 \" style=\"margin: 0 0 30px 0;\"><div class=\"um-col-121\"><div  id=\"um_field_13228_entreprise\" class=\"um-field um-field-text  um-field-entreprise um-field-text um-field-type_text\" data-key=\"entreprise\"><div class=\"um-field-label\"><label for=\"entreprise-13228\">Le nom de votre entreprise<\/label><div class=\"um-clear\"><\/div><\/div><div class=\"um-field-area\"><input  autocomplete=\"off\" class=\"um-form-field valid not-required \" type=\"text\" name=\"entreprise-13228\" id=\"entreprise-13228\" value=\"\" placeholder=\"\" data-validate=\"alphabetic\" data-key=\"entreprise\"  aria-invalid=\"false\" \/>\n\n\t\t\t\t\t\t<\/div><\/div><div  id=\"um_field_13228_phone\" class=\"um-field um-field-tel  um-field-phone um-field-tel um-field-type_tel\" data-key=\"phone\"><div class=\"um-field-label\"><label for=\"phone-13228\">Num\u00e9ro de t\u00e9l\u00e9phone de l&#039;entreprise<\/label><div class=\"um-clear\"><\/div><\/div><div class=\"um-field-area\"><input  autocomplete=\"off\" class=\"um-form-field valid not-required \" type=\"tel\" name=\"phone-13228\" id=\"phone-13228\" value=\"\" placeholder=\"+237 699 999 999\" data-validate=\"alpha_numeric\" data-key=\"phone\"  aria-invalid=\"false\" \/>\n\n\t\t\t\t\t\t<\/div><\/div><div  id=\"um_field_13228_user_email\" class=\"um-field um-field-text  um-field-user_email um-field-text um-field-type_text\" data-key=\"user_email\"><div class=\"um-field-label\"><label for=\"user_email-13228\">Adresse e-mail<\/label><div class=\"um-clear\"><\/div><\/div><div class=\"um-field-area\"><input  autocomplete=\"off\" class=\"um-form-field valid \" type=\"text\" name=\"user_email-13228\" id=\"user_email-13228\" value=\"\" placeholder=\"\" data-validate=\"unique_email\" data-key=\"user_email\"  aria-invalid=\"false\" \/>\n\n\t\t\t\t\t\t<\/div><\/div><div  id=\"um_field_13228_secondary_user_email\" class=\"um-field um-field-text  um-field-secondary_user_email um-field-text um-field-type_text\" data-key=\"secondary_user_email\"><div class=\"um-field-label\"><label for=\"secondary_user_email-13228\">Adresse e-mail secondaire<\/label><div class=\"um-clear\"><\/div><\/div><div class=\"um-field-area\"><input  autocomplete=\"off\" class=\"um-form-field valid \" type=\"text\" name=\"secondary_user_email-13228\" id=\"secondary_user_email-13228\" value=\"\" placeholder=\"\" data-validate=\"unique_email\" data-key=\"secondary_user_email\"  aria-invalid=\"false\" \/>\n\n\t\t\t\t\t\t<\/div><\/div><div  id=\"um_field_13228_member_country\" class=\"um-field um-field-select  um-field-member_country um-field-select um-field-type_select\" data-key=\"member_country\"><div class=\"um-field-label\"><label for=\"member_country-13228\">Pays<\/label><div class=\"um-clear\"><\/div><\/div><div class=\"um-field-area  \"><select data-default=\"\"     name=\"member_country\" id=\"member_country\" data-validate=\"\" data-key=\"member_country\" class=\"um-form-field valid not-required um-s1 \" style=\"width: 100%\" data-placeholder=\"\"   aria-invalid=\"false\" ><option value=\"\"><\/option><option value=\"Cameroun\" >Cameroun<\/option><option value=\"Centrafricaine\" >Centrafricaine<\/option><option value=\"Congo\" >Congo<\/option><option value=\"Gabon\" >Gabon<\/option><option value=\"Guin\u00e9e-Equatoriale\" >Guin\u00e9e-Equatoriale<\/option><option value=\"Tchad\" >Tchad<\/option><\/select><\/div><\/div><div  id=\"um_field_13228_member_activity_area\" class=\"um-field um-field-select  um-field-member_activity_area um-field-select um-field-type_select\" data-key=\"member_activity_area\"><div class=\"um-field-label\"><label for=\"member_activity_area-13228\">Secteur d&#039;activit\u00e9<\/label><div class=\"um-clear\"><\/div><\/div><div class=\"um-field-area  \"><select data-default=\"\"     name=\"member_activity_area\" id=\"member_activity_area\" data-validate=\"\" data-key=\"member_activity_area\" class=\"um-form-field valid not-required um-s1 \" style=\"width: 100%\" data-placeholder=\"\"   aria-invalid=\"false\" ><option value=\"\"><\/option><option value=\"Banque\" >Banque<\/option><option value=\"EMF\" >EMF<\/option><option value=\"EP\" >EP<\/option><option value=\"ETS Postaux\" >ETS Postaux<\/option><option value=\"STA\" >STA<\/option><\/select><\/div><\/div><\/div><div class=\"um-col-122\"><div  id=\"um_field_13228_last_name\" class=\"um-field um-field-text  um-field-last_name um-field-text um-field-type_text\" data-key=\"last_name\"><div class=\"um-field-label\"><label for=\"last_name-13228\">Nom de la personne de contact<\/label><div class=\"um-clear\"><\/div><\/div><div class=\"um-field-area\"><input  autocomplete=\"off\" class=\"um-form-field valid not-required \" type=\"text\" name=\"last_name-13228\" id=\"last_name-13228\" value=\"\" placeholder=\"\" data-validate=\"\" data-key=\"last_name\"  aria-invalid=\"false\" \/>\n\n\t\t\t\t\t\t<\/div><\/div><div  id=\"um_field_13228_first_name\" class=\"um-field um-field-text  um-field-first_name um-field-text um-field-type_text\" data-key=\"first_name\"><div class=\"um-field-label\"><label for=\"first_name-13228\">Pr\u00e9nom<\/label><div class=\"um-clear\"><\/div><\/div><div class=\"um-field-area\"><input  autocomplete=\"off\" class=\"um-form-field valid \" type=\"text\" name=\"first_name-13228\" id=\"first_name-13228\" value=\"\" placeholder=\"\" data-validate=\"\" data-key=\"first_name\"  aria-invalid=\"false\" \/>\n\n\t\t\t\t\t\t<\/div><\/div><div  id=\"um_field_13228_contact_person_email\" class=\"um-field um-field-text  um-field-contact_person_email um-field-text um-field-type_text\" data-key=\"contact_person_email\"><div class=\"um-field-label\"><label for=\"contact_person_email-13228\">Adresse e-mail<\/label><div class=\"um-clear\"><\/div><\/div><div class=\"um-field-area\"><input  autocomplete=\"off\" class=\"um-form-field valid not-required \" type=\"text\" name=\"contact_person_email-13228\" id=\"contact_person_email-13228\" value=\"\" placeholder=\"\" data-validate=\"is_email\" data-key=\"contact_person_email\"  aria-invalid=\"false\" \/>\n\n\t\t\t\t\t\t<\/div><\/div><div  id=\"um_field_13228_phone_12\" class=\"um-field um-field-tel  um-field-phone_12 um-field-tel um-field-type_tel\" data-key=\"phone_12\"><div class=\"um-field-label\"><label for=\"phone_12-13228\">Num\u00e9ro de t\u00e9l\u00e9phone<\/label><div class=\"um-clear\"><\/div><\/div><div class=\"um-field-area\"><input  autocomplete=\"off\" class=\"um-form-field valid not-required \" type=\"tel\" name=\"phone_12-13228\" id=\"phone_12-13228\" value=\"\" placeholder=\"+237 699 999 999\" data-validate=\"alpha_numeric\" data-key=\"phone_12\"  aria-invalid=\"false\" \/>\n\n\t\t\t\t\t\t<\/div><\/div><div  id=\"um_field_13228_user_login\" class=\"um-field um-field-text  um-field-user_login um-field-text um-field-type_text\" data-key=\"user_login\"><div class=\"um-field-label\"><label for=\"user_login-13228\">Nom d&#039;utilisateur<\/label><span class=\"um-tip um-tip-w\" title=\"le nom d&#039;utilisateur ne doit pas contenir de caract\u00e8res sp\u00e9ciaux\"><i class=\"um-icon-help-circled\"><\/i><\/span><div class=\"um-clear\"><\/div><\/div><div class=\"um-field-area\"><input  autocomplete=\"off\" class=\"um-form-field valid \" type=\"text\" name=\"user_login-13228\" id=\"user_login-13228\" value=\"\" placeholder=\"\" data-validate=\"unique_username\" data-key=\"user_login\"  aria-invalid=\"false\" \/>\n\n\t\t\t\t\t\t<\/div><\/div><div  id=\"um_field_13228_user_password\" class=\"um-field um-field-password  um-field-user_password um-field-password um-field-type_password\" data-key=\"user_password\"><div class=\"um-field-label\"><label for=\"user_password-13228\">Mot de passe<\/label><div class=\"um-clear\"><\/div><\/div><div class=\"um-field-area\"><input class=\"um-form-field valid \" type=\"password\" name=\"user_password-13228\" id=\"user_password-13228\" value=\"\" placeholder=\"\" data-validate=\"\" data-key=\"user_password\"  aria-invalid=\"false\" \/>\n\n\t\t\t\t\t\t\t<\/div><\/div><div  id=\"um_field_13228_confirm_user_password\" class=\"um-field um-field-password  um-field-user_password um-field-password um-field-type_password\" data-key=\"confirm_user_password\"><div class=\"um-field-label\"><label for=\"confirm_user_password-13228\">Confirm Mot de passe<\/label><div class=\"um-clear\"><\/div><\/div><div class=\"um-field-area\"><input class=\"um-form-field valid \" type=\"password\" name=\"confirm_user_password-13228\" id=\"confirm_user_password-13228\" value=\"\" placeholder=\"Confirm Mot de passe\" data-validate=\"\" data-key=\"confirm_user_password\"  aria-invalid=\"false\" \/><\/div><\/div><\/div><div class=\"um-clear\"><\/div><\/div>\t<input type=\"hidden\" name=\"form_id\" id=\"form_id_13228\" value=\"13228\" \/>\n\t\t<p class=\"um_request_name\">\n\t\t<label for=\"um_request_13228\">Only fill in if you are not human<\/label>\n\t\t<input type=\"hidden\" name=\"um_request\" id=\"um_request_13228\" class=\"input\" value=\"\" size=\"25\" autocomplete=\"off\" \/>\n\t<\/p>\n\t<input type=\"hidden\" id=\"_wpnonce\" name=\"_wpnonce\" value=\"223032120d\" \/><input type=\"hidden\" name=\"_wp_http_referer\" value=\"\/en\/wp-json\/wp\/v2\/pages\/14481\" \/>\n\t<div class=\"um-col-alt\">\n\n\t\t\n\t\t\t<div class=\"um-left um-half\">\n\t\t\t\t<input type=\"submit\" value=\"S\u2019inscrire\" class=\"um-button\" id=\"um-submit-btn\" \/>\n\t\t\t<\/div>\n\t\t\t<div class=\"um-right um-half\">\n\t\t\t\t<a href=\"https:\/\/gimac-afr.com\/en\/login\/\" class=\"um-button um-alt\">\n\t\t\t\t\tConnexion\t\t\t\t<\/a>\n\t\t\t<\/div>\n\n\t\t\n\t\t<div class=\"um-clear\"><\/div>\n\n\t<\/div>\n\n\t\t\t<\/form>\n\t<\/div>\n<\/div>\n<style>\n\t\t\t.um-13228.um {\n\t\t\tmax-width: 450px;\n\t\t}\n\t\t<\/style>\n<\/div>\n\t\t\t\t\t\t<\/div>\n\t\t\t\t\t<\/div>\n\t\t\t\t<\/div>\n\t\t<div data-particle_enable=\"false\" data-particle-mobile-disabled=\"false\" class=\"elementor-element elementor-element-3c2306f e-flex e-con-boxed e-con e-parent\" data-id=\"3c2306f\" data-element_type=\"container\">\n\t\t\t\t\t<div class=\"e-con-inner\">\n\t\t\t\t<div class=\"elementor-element elementor-element-6915a9a elementor-widget elementor-widget-html\" data-id=\"6915a9a\" data-element_type=\"widget\" data-widget_type=\"html.default\">\n\t\t\t\t\t<style>.um-col-122 {\n  float: right !important;\n  width: 48% !important;\n}\n.um-col-121 {\n  float: left !important;\n  width: 48% !important;\n}\n.um-13228.um{\n    max-width: 100% !important;\n}\n<\/style>\t\t\t\t<\/div>\n\t\t\t\t\t<\/div>\n\t\t\t\t<\/div>\n\t\t\t\t<\/div>\n\t\t","protected":false},"excerpt":{"rendered":"<p>Cr\u00e9er votre compte<\/p>\n","protected":false},"author":1,"featured_media":0,"parent":0,"menu_order":0,"comment_status":"closed","ping_status":"closed","template":"","meta":{"footnotes":""},"class_list":["post-14481","page","type-page","status-publish","hentry"],"_links":{"self":[{"href":"https:\/\/gimac-afr.com\/en\/wp-json\/wp\/v2\/pages\/14481","targetHints":{"allow":["GET"]}}],"collection":[{"href":"https:\/\/gimac-afr.com\/en\/wp-json\/wp\/v2\/pages"}],"about":[{"href":"https:\/\/gimac-afr.com\/en\/wp-json\/wp\/v2\/types\/page"}],"author":[{"embeddable":true,"href":"https:\/\/gimac-afr.com\/en\/wp-json\/wp\/v2\/users\/1"}],"replies":[{"embeddable":true,"href":"https:\/\/gimac-afr.com\/en\/wp-json\/wp\/v2\/comments?post=14481"}],"version-history":[{"count":3,"href":"https:\/\/gimac-afr.com\/en\/wp-json\/wp\/v2\/pages\/14481\/revisions"}],"predecessor-version":[{"id":14930,"href":"https:\/\/gimac-afr.com\/en\/wp-json\/wp\/v2\/pages\/14481\/revisions\/14930"}],"wp:attachment":[{"href":"https:\/\/gimac-afr.com\/en\/wp-json\/wp\/v2\/media?parent=14481"}],"curies":[{"name":"wp","href":"https:\/\/api.w.org\/{rel}","templated":true}]}}