{"id":14480,"date":"2019-11-02T02:32:36","date_gmt":"2019-11-02T02:32:36","guid":{"rendered":"https:\/\/gimac-afr.com\/news\/"},"modified":"2026-02-16T09:09:58","modified_gmt":"2026-02-16T09:09:58","slug":"news","status":"publish","type":"page","link":"https:\/\/gimac-afr.com\/en\/news\/","title":{"rendered":"News"},"content":{"rendered":"\t\t<div data-elementor-type=\"wp-page\" data-elementor-id=\"14480\" class=\"elementor elementor-14480 elementor-127\">\n\t\t\t\t        <section data-particle_enable=\"false\" data-particle-mobile-disabled=\"false\" class=\"elementor-section elementor-top-section elementor-element elementor-element-9549dba elementor-section-boxed elementor-section-height-default elementor-section-height-default ct-header-fixed-none ct-row-max-none\" data-id=\"9549dba\" data-element_type=\"section\">\n            \n                        <div class=\"elementor-container elementor-column-gap-extended \">\n                    <div class=\"elementor-column elementor-col-100 elementor-top-column elementor-element elementor-element-fba6296\" data-id=\"fba6296\" data-element_type=\"column\">\n        <div class=\"elementor-widget-wrap elementor-element-populated\">\n                    \n        \r\n\t\t<div class=\"elementor-element elementor-element-94a4695 elementor-widget elementor-widget-ct_blog_grid\" data-id=\"94a4695\" data-element_type=\"widget\" data-widget_type=\"ct_blog_grid.default\">\n\t\t\t\t<div class=\"elementor-widget-container\">\n\t\t\t\t\t\r\n<div id=\"ct_blog_grid-94a4695\" class=\"ct-grid ct-blog-grid ct-blog-grid-layout1\" data-layout=\"masonry\" data-start-page=\"1\" data-max-pages=\"1\" data-total=\"6\" data-perpage=\"8\" data-next-link=\"\">\r\n    <div class=\"ct-grid-overlay\"><\/div>\r\n    \r\n    <div class=\"ct-grid-inner ct-grid-masonry row animate-time\" data-gutter=\"15\">\r\n                    <div class=\"grid-sizer col-xl-6 col-lg-6 col-md-6 col-sm-6 col-12\"><\/div>\r\n                                <div class=\"grid-item col-xl-6 col-lg-6 col-md-6 col-sm-6 col-12 filter-category-89 filter-category-88\">\r\n                    <div class=\"grid-item-inner wow fadeInUp\">\r\n                                                    <div class=\"entry-featured\">\r\n                                <a href=\"https:\/\/gimac-afr.com\/en\/2026\/04\/07\/handover-ceremony\/\"><img fetchpriority=\"high\" decoding=\"async\" class=\"disable-lazy no-lazyload \" src=\"https:\/\/gimac-afr.com\/wp-content\/uploads\/2026\/04\/ceremonie-de-passation-de-charges-600x414.jpg\" width=\"600\" height=\"414\" alt=\"handover ceremony\" title=\"handover ceremony\" \/><\/a>\r\n                            <\/div>\r\n                                                <div class=\"entry-body\">\r\n                            <div class=\"entry-holder\">\r\n                                                                    <ul class=\"entry-meta\">\r\n                                                                                    <li class=\"item-date\"><i class=\"fac fac-calendar-alt\"><\/i>April 7, 2026<\/li>\r\n                                                                                                                            <li class=\"item-author\">\r\n                                                <a href=\"https:\/\/gimac-afr.com\/en\/author\/x5apr\/\"><i class=\"fac fac-user\"><\/i>Gimac<\/a><\/li>\r\n                                                                            <\/ul>\r\n                                                                <h3 class=\"entry-title\"><a href=\"https:\/\/gimac-afr.com\/en\/2026\/04\/07\/handover-ceremony\/\">Handover Ceremony<\/a><\/h3>\r\n                                                                    <div class=\"entry-readmore\">\r\n                                        <a href=\"https:\/\/gimac-afr.com\/en\/2026\/04\/07\/handover-ceremony\/\">\r\n                                            Read more                                            <i class=\"fac fac-angle-double-right space-left\"><\/i>\r\n                                        <\/a>\r\n                                    <\/div>\r\n                                                            <\/div>\r\n                        <\/div>\r\n                    <\/div>\r\n                <\/div>\r\n                            <div class=\"grid-item col-xl-6 col-lg-6 col-md-6 col-sm-6 col-12 filter-category-88 filter-category-89\">\r\n                    <div class=\"grid-item-inner wow fadeInUp\">\r\n                                                    <div class=\"entry-featured\">\r\n                                <a href=\"https:\/\/gimac-afr.com\/en\/2026\/03\/14\/cemac-coris-bank-joins-the-gimacpay-ecosystem\/\"><img decoding=\"async\" class=\"disable-lazy no-lazyload \" src=\"https:\/\/gimac-afr.com\/wp-content\/uploads\/2026\/03\/coris-bank-gimacpay-3-600x414.jpeg\" width=\"600\" height=\"414\" alt=\"coris-bank gimacpay 3\" title=\"coris-bank gimacpay 3\" \/><\/a>\r\n                            <\/div>\r\n                                                <div class=\"entry-body\">\r\n                            <div class=\"entry-holder\">\r\n                                                                    <ul class=\"entry-meta\">\r\n                                                                                    <li class=\"item-date\"><i class=\"fac fac-calendar-alt\"><\/i>March 14, 2026<\/li>\r\n                                                                                                                            <li class=\"item-author\">\r\n                                                <a href=\"https:\/\/gimac-afr.com\/en\/author\/x5apr\/\"><i class=\"fac fac-user\"><\/i>Gimac<\/a><\/li>\r\n                                                                            <\/ul>\r\n                                                                <h3 class=\"entry-title\"><a href=\"https:\/\/gimac-afr.com\/en\/2026\/03\/14\/cemac-coris-bank-joins-the-gimacpay-ecosystem\/\">CEMAC: Coris Bank joins the GIMACPAY ecosystem<\/a><\/h3>\r\n                                                                    <div class=\"entry-readmore\">\r\n                                        <a href=\"https:\/\/gimac-afr.com\/en\/2026\/03\/14\/cemac-coris-bank-joins-the-gimacpay-ecosystem\/\">\r\n                                            Read more                                            <i class=\"fac fac-angle-double-right space-left\"><\/i>\r\n                                        <\/a>\r\n                                    <\/div>\r\n                                                            <\/div>\r\n                        <\/div>\r\n                    <\/div>\r\n                <\/div>\r\n                            <div class=\"grid-item col-xl-6 col-lg-6 col-md-6 col-sm-6 col-12 filter-category-89 filter-category-88\">\r\n                    <div class=\"grid-item-inner wow fadeInUp\">\r\n                                                    <div class=\"entry-featured\">\r\n                                <a href=\"https:\/\/gimac-afr.com\/en\/2025\/12\/09\/cemac-madigipaie-revolutionizes-the-digital-economy\/\"><img decoding=\"async\" class=\"disable-lazy no-lazyload \" src=\"https:\/\/gimac-afr.com\/wp-content\/uploads\/2025\/12\/Madigipay-1-600x414.jpg\" width=\"600\" height=\"414\" alt=\"Madigipay (1)\" title=\"Madigipay (1)\" \/><\/a>\r\n                            <\/div>\r\n                                                <div class=\"entry-body\">\r\n                            <div class=\"entry-holder\">\r\n                                                                    <ul class=\"entry-meta\">\r\n                                                                                    <li class=\"item-date\"><i class=\"fac fac-calendar-alt\"><\/i>December 9, 2025<\/li>\r\n                                                                                                                            <li class=\"item-author\">\r\n                                                <a href=\"https:\/\/gimac-afr.com\/en\/author\/x5apr\/\"><i class=\"fac fac-user\"><\/i>Gimac<\/a><\/li>\r\n                                                                            <\/ul>\r\n                                                                <h3 class=\"entry-title\"><a href=\"https:\/\/gimac-afr.com\/en\/2025\/12\/09\/cemac-madigipaie-revolutionizes-the-digital-economy\/\">CEMAC: MaDigiPaie Revolutionizes the Digital Economy<\/a><\/h3>\r\n                                                                    <div class=\"entry-readmore\">\r\n                                        <a href=\"https:\/\/gimac-afr.com\/en\/2025\/12\/09\/cemac-madigipaie-revolutionizes-the-digital-economy\/\">\r\n                                            Read more                                            <i class=\"fac fac-angle-double-right space-left\"><\/i>\r\n                                        <\/a>\r\n                                    <\/div>\r\n                                                            <\/div>\r\n                        <\/div>\r\n                    <\/div>\r\n                <\/div>\r\n                            <div class=\"grid-item col-xl-6 col-lg-6 col-md-6 col-sm-6 col-12 filter-category-89 filter-category-88\">\r\n                    <div class=\"grid-item-inner wow fadeInUp\">\r\n                                                    <div class=\"entry-featured\">\r\n                                <a href=\"https:\/\/gimac-afr.com\/en\/2025\/06\/24\/integrated-electronic-payment-systems-day\/\"><img loading=\"lazy\" decoding=\"async\" class=\"disable-lazy no-lazyload \" src=\"https:\/\/gimac-afr.com\/wp-content\/uploads\/2025\/06\/journee-monetique-600x414.jpg\" width=\"600\" height=\"414\" alt=\"journee-monetique\" title=\"journee-monetique\" \/><\/a>\r\n                            <\/div>\r\n                                                <div class=\"entry-body\">\r\n                            <div class=\"entry-holder\">\r\n                                                                    <ul class=\"entry-meta\">\r\n                                                                                    <li class=\"item-date\"><i class=\"fac fac-calendar-alt\"><\/i>June 24, 2025<\/li>\r\n                                                                                                                            <li class=\"item-author\">\r\n                                                <a href=\"https:\/\/gimac-afr.com\/en\/author\/gimac\/\"><i class=\"fac fac-user\"><\/i>GIMAC<\/a><\/li>\r\n                                                                            <\/ul>\r\n                                                                <h3 class=\"entry-title\"><a href=\"https:\/\/gimac-afr.com\/en\/2025\/06\/24\/integrated-electronic-payment-systems-day\/\">Integrated Electronic Payment Systems Day<\/a><\/h3>\r\n                                                                    <div class=\"entry-readmore\">\r\n                                        <a href=\"https:\/\/gimac-afr.com\/en\/2025\/06\/24\/integrated-electronic-payment-systems-day\/\">\r\n                                            Read more                                            <i class=\"fac fac-angle-double-right space-left\"><\/i>\r\n                                        <\/a>\r\n                                    <\/div>\r\n                                                            <\/div>\r\n                        <\/div>\r\n                    <\/div>\r\n                <\/div>\r\n                            <div class=\"grid-item col-xl-6 col-lg-6 col-md-6 col-sm-6 col-12 filter-category-88 filter-category-89\">\r\n                    <div class=\"grid-item-inner wow fadeInUp\">\r\n                                                    <div class=\"entry-featured\">\r\n                                <a href=\"https:\/\/gimac-afr.com\/en\/2025\/06\/18\/gimacpay-qr-code-gabon-takes-action\/\"><img loading=\"lazy\" decoding=\"async\" class=\"disable-lazy no-lazyload \" src=\"https:\/\/gimac-afr.com\/wp-content\/uploads\/2025\/06\/qr-code-gimac-600x414.jpg\" width=\"600\" height=\"414\" alt=\"qr-code-gimac\" title=\"qr-code-gimac\" \/><\/a>\r\n                            <\/div>\r\n                                                <div class=\"entry-body\">\r\n                            <div class=\"entry-holder\">\r\n                                                                    <ul class=\"entry-meta\">\r\n                                                                                    <li class=\"item-date\"><i class=\"fac fac-calendar-alt\"><\/i>June 18, 2025<\/li>\r\n                                                                                                                            <li class=\"item-author\">\r\n                                                <a href=\"https:\/\/gimac-afr.com\/en\/author\/gimac\/\"><i class=\"fac fac-user\"><\/i>GIMAC<\/a><\/li>\r\n                                                                            <\/ul>\r\n                                                                <h3 class=\"entry-title\"><a href=\"https:\/\/gimac-afr.com\/en\/2025\/06\/18\/gimacpay-qr-code-gabon-takes-action\/\">GIMACPAY QR Code: Gabon Takes Action<\/a><\/h3>\r\n                                                                    <div class=\"entry-readmore\">\r\n                                        <a href=\"https:\/\/gimac-afr.com\/en\/2025\/06\/18\/gimacpay-qr-code-gabon-takes-action\/\">\r\n                                            Read more                                            <i class=\"fac fac-angle-double-right space-left\"><\/i>\r\n                                        <\/a>\r\n                                    <\/div>\r\n                                                            <\/div>\r\n                        <\/div>\r\n                    <\/div>\r\n                <\/div>\r\n                            <div class=\"grid-item col-xl-6 col-lg-6 col-md-6 col-sm-6 col-12 filter-category-88 filter-category-89\">\r\n                    <div class=\"grid-item-inner wow fadeInUp\">\r\n                                                    <div class=\"entry-featured\">\r\n                                <a href=\"https:\/\/gimac-afr.com\/en\/2025\/04\/15\/gimacs-participation-in-the-gitex-africa-exhibition\/\"><img loading=\"lazy\" decoding=\"async\" class=\"disable-lazy no-lazyload \" src=\"https:\/\/gimac-afr.com\/wp-content\/uploads\/2025\/04\/gimac-au-gitex-600x414.jpg\" width=\"600\" height=\"414\" alt=\"gimac-at-gitex\" title=\"gimac-at-gitex\" \/><\/a>\r\n                            <\/div>\r\n                                                <div class=\"entry-body\">\r\n                            <div class=\"entry-holder\">\r\n                                                                    <ul class=\"entry-meta\">\r\n                                                                                    <li class=\"item-date\"><i class=\"fac fac-calendar-alt\"><\/i>April 15, 2025<\/li>\r\n                                                                                                                            <li class=\"item-author\">\r\n                                                <a href=\"https:\/\/gimac-afr.com\/en\/author\/gimac\/\"><i class=\"fac fac-user\"><\/i>GIMAC<\/a><\/li>\r\n                                                                            <\/ul>\r\n                                                                <h3 class=\"entry-title\"><a href=\"https:\/\/gimac-afr.com\/en\/2025\/04\/15\/gimacs-participation-in-the-gitex-africa-exhibition\/\">GIMAC&#8217;s participation in the GITEX Africa exhibition<\/a><\/h3>\r\n                                                                    <div class=\"entry-readmore\">\r\n                                        <a href=\"https:\/\/gimac-afr.com\/en\/2025\/04\/15\/gimacs-participation-in-the-gitex-africa-exhibition\/\">\r\n                                            Read more                                            <i class=\"fac fac-angle-double-right space-left\"><\/i>\r\n                                        <\/a>\r\n                                    <\/div>\r\n                                                            <\/div>\r\n                        <\/div>\r\n                    <\/div>\r\n                <\/div>\r\n                <\/div>\r\n        <\/div>\t\t\t\t<\/div>\n\t\t\t\t<\/div>\n\t\t            <\/div>\n        <\/div>\n                    <\/div>\n        <\/section>\n        \t\t<\/div>\n\t\t","protected":false},"excerpt":{"rendered":"<p>juin 24, 2025 GIMAC Journ\u00e9e de la mon\u00e9tique int\u00e9grale Lire la suite juin 18, 2025 GIMAC QR Code GIMACPAY : le Gabon passe \u00e0 l\u2019action Lire la suite avril 15, 2025 GIMAC Participation du GIMAC au salon du GITEX Africa Lire la suite janvier 17, 2025 GIMAC LE GIMAC innove avec les service r\u00e9mittence sortant [&hellip;]<\/p>\n","protected":false},"author":1,"featured_media":0,"parent":0,"menu_order":0,"comment_status":"closed","ping_status":"closed","template":"","meta":{"footnotes":""},"class_list":["post-14480","page","type-page","status-publish","hentry"],"_links":{"self":[{"href":"https:\/\/gimac-afr.com\/en\/wp-json\/wp\/v2\/pages\/14480","targetHints":{"allow":["GET"]}}],"collection":[{"href":"https:\/\/gimac-afr.com\/en\/wp-json\/wp\/v2\/pages"}],"about":[{"href":"https:\/\/gimac-afr.com\/en\/wp-json\/wp\/v2\/types\/page"}],"author":[{"embeddable":true,"href":"https:\/\/gimac-afr.com\/en\/wp-json\/wp\/v2\/users\/1"}],"replies":[{"embeddable":true,"href":"https:\/\/gimac-afr.com\/en\/wp-json\/wp\/v2\/comments?post=14480"}],"version-history":[{"count":3,"href":"https:\/\/gimac-afr.com\/en\/wp-json\/wp\/v2\/pages\/14480\/revisions"}],"predecessor-version":[{"id":15036,"href":"https:\/\/gimac-afr.com\/en\/wp-json\/wp\/v2\/pages\/14480\/revisions\/15036"}],"wp:attachment":[{"href":"https:\/\/gimac-afr.com\/en\/wp-json\/wp\/v2\/media?parent=14480"}],"curies":[{"name":"wp","href":"https:\/\/api.w.org\/{rel}","templated":true}]}}